{"id":48,"date":"2024-11-26T18:44:59","date_gmt":"2024-11-26T18:44:59","guid":{"rendered":"https:\/\/blog.fundimais.com.br\/blog\/about\/"},"modified":"2024-12-10T18:47:52","modified_gmt":"2024-12-10T18:47:52","slug":"about","status":"publish","type":"page","link":"https:\/\/blog.fundimais.com.br\/blog\/about\/","title":{"rendered":"About"},"content":{"rendered":"\n\n\n<p>Lorem Ipsum has been the industry&#8217;s standard dummy text ever since the 1500s.<\/p>\n\n\n\n<h2>Sobre N\u00f3s<\/h2>\n\n\n<p class=\"\">A Fundimais \u00e9 uma empresa especializada na fabrica\u00e7\u00e3o de produtos em alum\u00ednio fundido desde 2019, dedicada a atender as demandas da constru\u00e7\u00e3o civil. Localizada em Cl\u00e1udio-MG, maior polo de Fundi\u00e7\u00f5es e Metal\u00fargicas da Am\u00e9rica Latina, buscamos constantemente inova\u00e7\u00f5es para satisfazer o mercado brasileiro. Nosso compromisso transcende a simples fabrica\u00e7\u00e3o de produtos de alta qualidade. Estamos dedicados a fornecer solu\u00e7\u00f5es personalizadas para transformar sua \u00e1rea de lazer em realidade, combinando seguran\u00e7a, est\u00e9tica e durabilidade. Com uma ampla variedade de produtos, acreditamos que o sucesso est\u00e1 nos detalhes. Por isso, dedicamos aten\u00e7\u00e3o especial a cada etapa do processo, desde a escolha dos materiais at\u00e9 o acabamento final de nossos produtos.<\/p>\n\n\n\n\n\n\n\n<h3><strong>Qualidade Excepcional<\/strong><\/h3>\n\n\n\n<p>Fabricados em lingote de alum\u00ednio.<\/p>\n\n\n\n\n\n\n\n\n<h3><strong>Entrega R\u00e1pida<\/strong><\/h3>\n\n\n\n<p>Entrega r\u00e1pida e eficiente em todo territ\u00f3rio nacional.<\/p>\n\n\n\n\n\n\n\n\n<h3><strong>Fabricado Sob Medida<\/strong><\/h3>\n\n\n\n<p>Tampas na medida que voc\u00ea precisa.<\/p>\n\n\n\n\n\n","protected":false},"excerpt":{"rendered":"","protected":false},"author":1,"featured_media":0,"parent":0,"menu_order":0,"comment_status":"closed","ping_status":"closed","template":"","meta":{"nf_dc_page":"","pagelayer_contact_templates":[],"_pagelayer_content":"","footnotes":""},"class_list":["post-48","page","type-page","status-publish","hentry"],"rttpg_featured_image_url":null,"rttpg_author":{"display_name":"admin","author_link":"https:\/\/blog.fundimais.com.br\/blog\/author\/admin\/"},"rttpg_comment":0,"rttpg_category":null,"rttpg_excerpt":null,"_links":{"self":[{"href":"https:\/\/blog.fundimais.com.br\/blog\/wp-json\/wp\/v2\/pages\/48","targetHints":{"allow":["GET"]}}],"collection":[{"href":"https:\/\/blog.fundimais.com.br\/blog\/wp-json\/wp\/v2\/pages"}],"about":[{"href":"https:\/\/blog.fundimais.com.br\/blog\/wp-json\/wp\/v2\/types\/page"}],"author":[{"embeddable":true,"href":"https:\/\/blog.fundimais.com.br\/blog\/wp-json\/wp\/v2\/users\/1"}],"replies":[{"embeddable":true,"href":"https:\/\/blog.fundimais.com.br\/blog\/wp-json\/wp\/v2\/comments?post=48"}],"version-history":[{"count":2,"href":"https:\/\/blog.fundimais.com.br\/blog\/wp-json\/wp\/v2\/pages\/48\/revisions"}],"predecessor-version":[{"id":165,"href":"https:\/\/blog.fundimais.com.br\/blog\/wp-json\/wp\/v2\/pages\/48\/revisions\/165"}],"wp:attachment":[{"href":"https:\/\/blog.fundimais.com.br\/blog\/wp-json\/wp\/v2\/media?parent=48"}],"curies":[{"name":"wp","href":"https:\/\/api.w.org\/{rel}","templated":true}]}}